{"id":187,"date":"2014-11-11T15:40:23","date_gmt":"2014-11-11T15:40:23","guid":{"rendered":"http:\/\/www.d1263267-24692.cp.blacknight.com\/southwestgno.com\/?page_id=187"},"modified":"2024-05-23T14:46:48","modified_gmt":"2024-05-23T14:46:48","slug":"foireann","status":"publish","type":"page","link":"https:\/\/www.southwestgnoskillnet.ie\/ga\/foireann\/","title":{"rendered":"Foireann"},"content":{"rendered":"[et_pb_section fb_built=&#8221;1&#8243; _builder_version=&#8221;4.9.4&#8243; _module_preset=&#8221;default&#8221;][et_pb_row _builder_version=&#8221;4.9.4&#8243; _module_preset=&#8221;default&#8221;][et_pb_column type=&#8221;4_4&#8243; _builder_version=&#8221;4.9.4&#8243; _module_preset=&#8221;default&#8221;][et_pb_text _builder_version=&#8221;4.9.4&#8243; _module_preset=&#8221;default&#8221;]\n<p><strong>C\u00falra &amp; Struct\u00far<\/strong><br \/>Is gr\u00e9as\u00e1n traen\u00e1la neamhbhrab\u00fasach \u00e9 \u201cSouth West Gn\u00f3 Skillnet\u201d at\u00e1 \u00e1 mhaoini\u00fa ag an gCl\u00e1r N\u00e1isi\u00fanta Traen\u00e1la Skillnets. Cuireann an gr\u00e9as\u00e1n roimhe bonn a chur faoi choth\u00fa agus f\u00e1s na gcomhlachta\u00ed at\u00e1 ann cheana, agus faoi fhorbairt chomhlachta\u00ed nua tr\u00ed thionscnaimh th\u00e1bhachtacha strait\u00e9iseacha a chur ar f\u00e1il sa traen\u00e1il agus sa ghr\u00e9as\u00e1n\u00fa.<\/p>\n<p>Dl\u00fath-ail\u00edni\u00fa a bhaint amach le cusp\u00f3ir\u00ed gn\u00f3tha na mball-chomhlachta\u00ed.<br \/>Traen\u00e1il agus forbairt ar an gcaighde\u00e1n is airde a chur ar f\u00e1il trasna an r\u00e9igi\u00fain ar fad.<br \/>Cumhacht caiteachais an ghr\u00e9as\u00e1in agus an maoini\u00fa a chuireann Skillnets ar f\u00e1il a \u00fas\u00e1id chun traen\u00e1il a chur ar f\u00e1il ar bhonn an-\u00e9ifeacht\u00fail ar chostas.<br \/>M\u00e1 t\u00e1 a thuilleadh eolais uait faoin ngr\u00e9as\u00e1n, cuir r\u00edomhphost chughainn ag <a href=\"mailto:katie@southwestgno.com\">katie@southwestgno.com<\/a><\/p>\n<p><strong>Gr\u00fapa Sti\u00fartha an Ghr\u00e9as\u00e1in<\/strong><br \/>Dh\u00e1 chomhlacht d\u00e9ag as baill an ghr\u00e9as\u00e1in..<\/p>\n<p>T\u00e1 Coiste Sti\u00fartha an Ghr\u00e9as\u00e1in ceaptha do r\u00e9ir d\u00e1ileadh na gcomhlachta\u00ed sna Gaeltachta\u00ed \u00e9ags\u00fala agus sna hearn\u00e1lacha \u00e9ags\u00fala. Is iad na facht\u00f3ir\u00ed is m\u00f3 a tugadh san \u00e1ireamh agus an coiste sti\u00fartha \u00e1 cheapadh n\u00e1 an toil a bheith p\u00e1irteach, cumas am a chur ar f\u00e1il, agus leibh\u00e9al na p\u00e1irt\u00edochta sa traen\u00e1il go dt\u00ed seo (i gc\u00e1sanna \u00e1irithe), chomh maith le facht\u00f3ir\u00ed geografacha agus earn\u00e1lacha. Beidh ar bhaill an ghr\u00fapa sti\u00fartha teangmh\u00e1il a dh\u00e9anamh go minic leis na ball-chomhlachta\u00ed ina r\u00e9igi\u00fan n\u00f3 ina n-earn\u00e1il f\u00e9in.<\/p>\n<p><strong><br \/>P\u00e1id\u00ed O\u2019S\u00e9<\/strong><br \/>Cathaoirleach &amp; Network Promoter<br \/>Comharchumann Forbartha Chorca Dhuibhne Teo.<\/p>\n<p><strong>Katie Kerin<\/strong><br \/>Network Manager<br \/>Comharchumann Forbartha Chorca Dhuibhne Teo.<\/p>\n<p><strong>Br\u00edd Lucey<\/strong><br \/>Network Co-ordinator<br \/>South West Gn\u00f3 Skillnet<\/p>\n<p><strong>John A O\u2019Leary<\/strong><br \/>Steering group member<br \/>Alps Electric (Ireland) Ltd.<\/p>\n<p><strong>Oonagh McGregor<\/strong><br \/>Steering Group Member<br \/>Killarney Chamber of Tourism &amp; Commerce<\/p>\n<p><strong>Jason Higgins<\/strong><br \/>Steering group member<br \/>The Killarney Park Hotel<\/p>\n<p><strong>Sarah Mannix<\/strong><br \/>Steering group member<br \/>The Lake Hotel<\/p>\n<p><strong>Margaret Flannery<\/strong><br \/>Steering group member<br \/>Murphys Ice Cream Ltd.<\/p>\n<p><strong>Milandi Basel<\/strong><br \/>Steering group member<br \/>Hayfield Manor Family Collection<\/p>\n<p><strong>Sarah Sheehan<\/strong><br \/>Steering group member<br \/>ENERCON Windfarm Services Ireland Ltd<\/p>\n<p>&nbsp;<\/p>\n<p><strong>Pr\u00edomha\u00ed an Ghr\u00e9as\u00e1in<\/strong><br \/>Comharchumann Forbartha Chorca Dhuibhne Teo \u2013 <a href=\"http:\/\/www.cfcd.ie\">www.cfcd.ie<\/a><\/p>\n<p>Is comharchumann forbartha \u00e9 CFCD at\u00e1 lonnaithe i mBaile an Fheirt\u00e9araigh, An Daingean, Co. Chiarra\u00ed. T\u00e1 an comharchumann ann le daichead bliain agus lena linn sin t\u00e1 \u00e9irithe go hiontach leis i bhforbairt na Gaeltachta.<\/p>\n<p>Is ionad oili\u00fana FETAC iad CFCD.<\/p>\n<p><strong>Baill an Ghr\u00e9as\u00e1in<\/strong><br \/>Forbr\u00f3far cl\u00e1r chun coth\u00fa a dh\u00e9anamh ar idirghabh\u00e1il idir na baill agus ar a bp\u00e1irt\u00edocht i ng\u00edomhartha an ghr\u00e9as\u00e1in; is \u00e9 Bainisteoir an Ghr\u00e9as\u00e1in a riarfaidh an cl\u00e1r sin, faoi mhaoirseacht an Ghr\u00fapa Sti\u00fartha.<\/p>\n<p>Is \u00e9 Bainisteoir an Ghr\u00e9as\u00e1in, le treoir agus maoirseacht \u00f3n nGr\u00fapa Sti\u00fartha, a chomhordn\u00f3idh na gn\u00edomhartha a eascr\u00f3idh as cl\u00e1racha traen\u00e1la, a fhost\u00f3idh comhairleoir\u00ed, a dh\u00e9anfaidh meas\u00fan\u00fa agus ini\u00fachadh agus a l\u00e1imhse\u00e1lfaidh gn\u00f3th\u00fa na dteastas.<\/p>\n[\/et_pb_text][\/et_pb_column][\/et_pb_row][\/et_pb_section]\n","protected":false},"excerpt":{"rendered":"<p>C\u00falra &amp; Struct\u00farIs gr\u00e9as\u00e1n traen\u00e1la neamhbhrab\u00fasach \u00e9 \u201cSouth West Gn\u00f3 Skillnet\u201d at\u00e1 \u00e1 mhaoini\u00fa ag an gCl\u00e1r N\u00e1isi\u00fanta Traen\u00e1la Skillnets. Cuireann an gr\u00e9as\u00e1n roimhe bonn a chur faoi choth\u00fa agus f\u00e1s na gcomhlachta\u00ed at\u00e1 ann cheana, agus faoi fhorbairt chomhlachta\u00ed nua tr\u00ed thionscnaimh th\u00e1bhachtacha strait\u00e9iseacha a chur ar f\u00e1il sa traen\u00e1il agus sa ghr\u00e9as\u00e1n\u00fa. Dl\u00fath-ail\u00edni\u00fa a bhaint amach le cusp\u00f3ir\u00ed gn\u00f3tha na mball-chomhlachta\u00ed.Traen\u00e1il agus forbairt ar an gcaighde\u00e1n is airde a chur ar f\u00e1il trasna an r\u00e9igi\u00fain ar fad.Cumhacht caiteachais an ghr\u00e9as\u00e1in agus an maoini\u00fa a chuireann Skillnets ar f\u00e1il a \u00fas\u00e1id chun traen\u00e1il a chur ar f\u00e1il ar bhonn [&hellip;]<\/p>\n","protected":false},"author":1,"featured_media":0,"parent":0,"menu_order":0,"comment_status":"open","ping_status":"closed","template":"","meta":{"_et_pb_use_builder":"on","_et_pb_old_content":"","_et_gb_content_width":"","footnotes":""},"class_list":["post-187","page","type-page","status-publish","hentry"],"yoast_head":"<!-- This site is optimized with the Yoast SEO plugin v27.2 - https:\/\/yoast.com\/product\/yoast-seo-wordpress\/ -->\n<title>Foireann - South West Gn\u00f3 Skillnet<\/title>\n<meta name=\"robots\" content=\"index, follow, max-snippet:-1, max-image-preview:large, max-video-preview:-1\" \/>\n<link rel=\"canonical\" href=\"https:\/\/www.southwestgnoskillnet.ie\/ga\/foireann\/\" \/>\n<meta property=\"og:locale\" content=\"en_US\" \/>\n<meta property=\"og:type\" content=\"article\" \/>\n<meta property=\"og:title\" content=\"Foireann - South West Gn\u00f3 Skillnet\" \/>\n<meta property=\"og:description\" content=\"C\u00falra &amp; Struct\u00farIs gr\u00e9as\u00e1n traen\u00e1la neamhbhrab\u00fasach \u00e9 \u201cSouth West Gn\u00f3 Skillnet\u201d at\u00e1 \u00e1 mhaoini\u00fa ag an gCl\u00e1r N\u00e1isi\u00fanta Traen\u00e1la Skillnets. Cuireann an gr\u00e9as\u00e1n roimhe bonn a chur faoi choth\u00fa agus f\u00e1s na gcomhlachta\u00ed at\u00e1 ann cheana, agus faoi fhorbairt chomhlachta\u00ed nua tr\u00ed thionscnaimh th\u00e1bhachtacha strait\u00e9iseacha a chur ar f\u00e1il sa traen\u00e1il agus sa ghr\u00e9as\u00e1n\u00fa. Dl\u00fath-ail\u00edni\u00fa a bhaint amach le cusp\u00f3ir\u00ed gn\u00f3tha na mball-chomhlachta\u00ed.Traen\u00e1il agus forbairt ar an gcaighde\u00e1n is airde a chur ar f\u00e1il trasna an r\u00e9igi\u00fain ar fad.Cumhacht caiteachais an ghr\u00e9as\u00e1in agus an maoini\u00fa a chuireann Skillnets ar f\u00e1il a \u00fas\u00e1id chun traen\u00e1il a chur ar f\u00e1il ar bhonn [&hellip;]\" \/>\n<meta property=\"og:url\" content=\"https:\/\/www.southwestgnoskillnet.ie\/ga\/foireann\/\" \/>\n<meta property=\"og:site_name\" content=\"South West Gn\u00f3 Skillnet\" \/>\n<meta property=\"article:publisher\" content=\"https:\/\/www.facebook.com\/SwgSkillnet\" \/>\n<meta property=\"article:modified_time\" content=\"2024-05-23T14:46:48+00:00\" \/>\n<meta name=\"twitter:label1\" content=\"Est. reading time\" \/>\n\t<meta name=\"twitter:data1\" content=\"2 minutes\" \/>\n<script type=\"application\/ld+json\" class=\"yoast-schema-graph\">{\"@context\":\"https:\/\/schema.org\",\"@graph\":[{\"@type\":\"WebPage\",\"@id\":\"https:\/\/www.southwestgnoskillnet.ie\/ga\/foireann\/\",\"url\":\"https:\/\/www.southwestgnoskillnet.ie\/ga\/foireann\/\",\"name\":\"Foireann - South West Gn\u00f3 Skillnet\",\"isPartOf\":{\"@id\":\"https:\/\/www.southwestgnoskillnet.ie\/#website\"},\"datePublished\":\"2014-11-11T15:40:23+00:00\",\"dateModified\":\"2024-05-23T14:46:48+00:00\",\"breadcrumb\":{\"@id\":\"https:\/\/www.southwestgnoskillnet.ie\/ga\/foireann\/#breadcrumb\"},\"inLanguage\":\"ga\",\"potentialAction\":[{\"@type\":\"ReadAction\",\"target\":[\"https:\/\/www.southwestgnoskillnet.ie\/ga\/foireann\/\"]}]},{\"@type\":\"BreadcrumbList\",\"@id\":\"https:\/\/www.southwestgnoskillnet.ie\/ga\/foireann\/#breadcrumb\",\"itemListElement\":[{\"@type\":\"ListItem\",\"position\":1,\"name\":\"Home\",\"item\":\"https:\/\/www.southwestgnoskillnet.ie\/ga\/\"},{\"@type\":\"ListItem\",\"position\":2,\"name\":\"Foireann\"}]},{\"@type\":\"WebSite\",\"@id\":\"https:\/\/www.southwestgnoskillnet.ie\/#website\",\"url\":\"https:\/\/www.southwestgnoskillnet.ie\/\",\"name\":\"South West Gn\u00f3 Skillnet\",\"description\":\"Learning &amp; development network providing Training Courses\",\"publisher\":{\"@id\":\"https:\/\/www.southwestgnoskillnet.ie\/#organization\"},\"potentialAction\":[{\"@type\":\"SearchAction\",\"target\":{\"@type\":\"EntryPoint\",\"urlTemplate\":\"https:\/\/www.southwestgnoskillnet.ie\/?s={search_term_string}\"},\"query-input\":{\"@type\":\"PropertyValueSpecification\",\"valueRequired\":true,\"valueName\":\"search_term_string\"}}],\"inLanguage\":\"ga\"},{\"@type\":\"Organization\",\"@id\":\"https:\/\/www.southwestgnoskillnet.ie\/#organization\",\"name\":\"South West Gn\u00f3 Skillnet\",\"url\":\"https:\/\/www.southwestgnoskillnet.ie\/\",\"logo\":{\"@type\":\"ImageObject\",\"inLanguage\":\"ga\",\"@id\":\"https:\/\/www.southwestgnoskillnet.ie\/#\/schema\/logo\/image\/\",\"url\":\"https:\/\/www.southwestgnoskillnet.ie\/wp-content\/uploads\/2014\/09\/south-west-gno-logo.png\",\"contentUrl\":\"https:\/\/www.southwestgnoskillnet.ie\/wp-content\/uploads\/2014\/09\/south-west-gno-logo.png\",\"width\":200,\"height\":109,\"caption\":\"South West Gn\u00f3 Skillnet\"},\"image\":{\"@id\":\"https:\/\/www.southwestgnoskillnet.ie\/#\/schema\/logo\/image\/\"},\"sameAs\":[\"https:\/\/www.facebook.com\/SwgSkillnet\",\"https:\/\/x.com\/SWGSKILLNET\"]}]}<\/script>\n<!-- \/ Yoast SEO plugin. -->","yoast_head_json":{"title":"Foireann - South West Gn\u00f3 Skillnet","robots":{"index":"index","follow":"follow","max-snippet":"max-snippet:-1","max-image-preview":"max-image-preview:large","max-video-preview":"max-video-preview:-1"},"canonical":"https:\/\/www.southwestgnoskillnet.ie\/ga\/foireann\/","og_locale":"en_US","og_type":"article","og_title":"Foireann - South West Gn\u00f3 Skillnet","og_description":"C\u00falra &amp; Struct\u00farIs gr\u00e9as\u00e1n traen\u00e1la neamhbhrab\u00fasach \u00e9 \u201cSouth West Gn\u00f3 Skillnet\u201d at\u00e1 \u00e1 mhaoini\u00fa ag an gCl\u00e1r N\u00e1isi\u00fanta Traen\u00e1la Skillnets. Cuireann an gr\u00e9as\u00e1n roimhe bonn a chur faoi choth\u00fa agus f\u00e1s na gcomhlachta\u00ed at\u00e1 ann cheana, agus faoi fhorbairt chomhlachta\u00ed nua tr\u00ed thionscnaimh th\u00e1bhachtacha strait\u00e9iseacha a chur ar f\u00e1il sa traen\u00e1il agus sa ghr\u00e9as\u00e1n\u00fa. Dl\u00fath-ail\u00edni\u00fa a bhaint amach le cusp\u00f3ir\u00ed gn\u00f3tha na mball-chomhlachta\u00ed.Traen\u00e1il agus forbairt ar an gcaighde\u00e1n is airde a chur ar f\u00e1il trasna an r\u00e9igi\u00fain ar fad.Cumhacht caiteachais an ghr\u00e9as\u00e1in agus an maoini\u00fa a chuireann Skillnets ar f\u00e1il a \u00fas\u00e1id chun traen\u00e1il a chur ar f\u00e1il ar bhonn [&hellip;]","og_url":"https:\/\/www.southwestgnoskillnet.ie\/ga\/foireann\/","og_site_name":"South West Gn\u00f3 Skillnet","article_publisher":"https:\/\/www.facebook.com\/SwgSkillnet","article_modified_time":"2024-05-23T14:46:48+00:00","twitter_misc":{"Est. reading time":"2 minutes"},"schema":{"@context":"https:\/\/schema.org","@graph":[{"@type":"WebPage","@id":"https:\/\/www.southwestgnoskillnet.ie\/ga\/foireann\/","url":"https:\/\/www.southwestgnoskillnet.ie\/ga\/foireann\/","name":"Foireann - South West Gn\u00f3 Skillnet","isPartOf":{"@id":"https:\/\/www.southwestgnoskillnet.ie\/#website"},"datePublished":"2014-11-11T15:40:23+00:00","dateModified":"2024-05-23T14:46:48+00:00","breadcrumb":{"@id":"https:\/\/www.southwestgnoskillnet.ie\/ga\/foireann\/#breadcrumb"},"inLanguage":"ga","potentialAction":[{"@type":"ReadAction","target":["https:\/\/www.southwestgnoskillnet.ie\/ga\/foireann\/"]}]},{"@type":"BreadcrumbList","@id":"https:\/\/www.southwestgnoskillnet.ie\/ga\/foireann\/#breadcrumb","itemListElement":[{"@type":"ListItem","position":1,"name":"Home","item":"https:\/\/www.southwestgnoskillnet.ie\/ga\/"},{"@type":"ListItem","position":2,"name":"Foireann"}]},{"@type":"WebSite","@id":"https:\/\/www.southwestgnoskillnet.ie\/#website","url":"https:\/\/www.southwestgnoskillnet.ie\/","name":"South West Gn\u00f3 Skillnet","description":"Learning &amp; development network providing Training Courses","publisher":{"@id":"https:\/\/www.southwestgnoskillnet.ie\/#organization"},"potentialAction":[{"@type":"SearchAction","target":{"@type":"EntryPoint","urlTemplate":"https:\/\/www.southwestgnoskillnet.ie\/?s={search_term_string}"},"query-input":{"@type":"PropertyValueSpecification","valueRequired":true,"valueName":"search_term_string"}}],"inLanguage":"ga"},{"@type":"Organization","@id":"https:\/\/www.southwestgnoskillnet.ie\/#organization","name":"South West Gn\u00f3 Skillnet","url":"https:\/\/www.southwestgnoskillnet.ie\/","logo":{"@type":"ImageObject","inLanguage":"ga","@id":"https:\/\/www.southwestgnoskillnet.ie\/#\/schema\/logo\/image\/","url":"https:\/\/www.southwestgnoskillnet.ie\/wp-content\/uploads\/2014\/09\/south-west-gno-logo.png","contentUrl":"https:\/\/www.southwestgnoskillnet.ie\/wp-content\/uploads\/2014\/09\/south-west-gno-logo.png","width":200,"height":109,"caption":"South West Gn\u00f3 Skillnet"},"image":{"@id":"https:\/\/www.southwestgnoskillnet.ie\/#\/schema\/logo\/image\/"},"sameAs":["https:\/\/www.facebook.com\/SwgSkillnet","https:\/\/x.com\/SWGSKILLNET"]}]}},"_links":{"self":[{"href":"https:\/\/www.southwestgnoskillnet.ie\/ga\/wp-json\/wp\/v2\/pages\/187","targetHints":{"allow":["GET"]}}],"collection":[{"href":"https:\/\/www.southwestgnoskillnet.ie\/ga\/wp-json\/wp\/v2\/pages"}],"about":[{"href":"https:\/\/www.southwestgnoskillnet.ie\/ga\/wp-json\/wp\/v2\/types\/page"}],"author":[{"embeddable":true,"href":"https:\/\/www.southwestgnoskillnet.ie\/ga\/wp-json\/wp\/v2\/users\/1"}],"replies":[{"embeddable":true,"href":"https:\/\/www.southwestgnoskillnet.ie\/ga\/wp-json\/wp\/v2\/comments?post=187"}],"version-history":[{"count":5,"href":"https:\/\/www.southwestgnoskillnet.ie\/ga\/wp-json\/wp\/v2\/pages\/187\/revisions"}],"predecessor-version":[{"id":1979,"href":"https:\/\/www.southwestgnoskillnet.ie\/ga\/wp-json\/wp\/v2\/pages\/187\/revisions\/1979"}],"wp:attachment":[{"href":"https:\/\/www.southwestgnoskillnet.ie\/ga\/wp-json\/wp\/v2\/media?parent=187"}],"curies":[{"name":"wp","href":"https:\/\/api.w.org\/{rel}","templated":true}]}}