{"id":196,"date":"2014-11-11T15:49:40","date_gmt":"2014-11-11T15:49:40","guid":{"rendered":"http:\/\/www.d1263267-24692.cp.blacknight.com\/southwestgno.com\/?page_id=196"},"modified":"2024-05-23T14:46:38","modified_gmt":"2024-05-23T14:46:38","slug":"difhostaithe","status":"publish","type":"page","link":"https:\/\/www.southwestgnoskillnet.ie\/ga\/difhostaithe\/","title":{"rendered":"D\u00edfhostaithe?"},"content":{"rendered":"<h1>D\u00f3ibhsean at\u00e1 ag lorg poist<\/h1>\n<p>Tabhair deis n\u00edos fearr duit f\u00e9in post a fh\u00e1il agus dein teagmh\u00e1lacha le tionscl\u00f3ir\u00ed tr\u00e9 oili\u00faint a chur ort f\u00e9in le &#8220;South West Gn\u00f3 Skillnet&#8221;.<\/p>\n<p>M\u00e1 t\u00e1 tusa d\u00edfhostaithe agus m\u00e1 chomhl\u00edonann t\u00fa na crit\u00e9ir\u00a0(<a href=\"http:\/\/www.skillnets.ie\/job-seekers\/eligibility-criteria\"><span style=\"color: #800080;\">http:\/\/www.skillnets.ie\/job-seekers\/eligibility-criteria<\/span><\/a>)\u00a0\u00a0at\u00e1 leagtha s\u00edos don t\u00e9 at\u00e1 ag lorg poist is f\u00e9idir leat freastal ar r\u00e9imse m\u00f3r c\u00farsa\u00ed saor in aisce agus n\u00ed bheidh impleachta\u00ed ar bith aigesean dod \u00edoca\u00edochta\u00ed n\u00e1 dod shochair leasa sh\u00f3isialaigh.\u00a0 Tuilleadh eolais f\u00e9 crit\u00e9ir inch\u00e1ilithe agus maoini\u00fa.<\/p>\n<p>N\u00ed amh\u00e1in go mbeidh t\u00fa \u00e1balta ar theacht ar oili\u00faint a bhfuil baint dh\u00edreach aici le riachtanais\u00ed na tionscla\u00edochta, tr\u00e9 oili\u00faint a dh\u00e9anamh le &#8220;South West Gn\u00f3 Skillnet&#8221;, ach beidh bunt\u00e1iste breise ann duit.\u00a0 Beidh t\u00fa i dteagmh\u00e1il le fostaithe agus le comhlachta\u00ed eile at\u00e1 ag saothr\u00fa sa rann\u00f3g ch\u00e9anna n\u00f3 sa cheantar c\u00e9anna leat f\u00e9in.<\/p>\n<p><strong>Maoini\u00fa<\/strong><\/p>\n<p>Baineann na rialacha seo a leanas leosan a bhfuil post \u00e1 lorg acu:<\/p>\n<ul>\n<li>Ni leagfar aon t\u00e1ille ar an oili\u00faint n\u00e1 ar rannph\u00e1irt\u00edocht inti, orthusan at\u00e1 d\u00edfhostaithe.<\/li>\n<\/ul>\n<ul>\n<li>N\u00ed f\u00e9idir le haon ghr\u00e9as\u00e1n, bhallchomhlacht n\u00f3 \u00e1is\u00ednteacht eile, mar shampla F\u00c1S n\u00f3 Seirbh\u00eds\u00ed Fosta\u00edochta \u00c1iti\u00fala, li\u00fantas i leith oili\u00fana a dh\u00edol do rannph\u00e1itithe.<\/li>\n<\/ul>\n<ul>\n<li>N\u00ed f\u00e9idir le heagrais a chuireann cliaint chuig F\u00c1S n\u00f3 Seirbh\u00eds\u00ed Fosta\u00edochta \u00c1iti\u00fala maoini\u00fa a chur i dtreo gr\u00e9as\u00e1n ar bith eile.<\/li>\n<\/ul>\n<p>Is cuid de sc\u00e9im a aonta\u00edodh leis an Roinn Cosanta S\u00f3isiala\u00ed iad cl\u00e1ir oili\u00fana Skillnets.\u00a0 N\u00ed chuirfidh rannph\u00e1irt\u00edocht sna cl\u00e1ir seo isteach ar na sochair n\u00e1 ar a bhfuil an d\u00edfhosta\u00ed i dteideal a fh\u00e1il \u00f3n Roinn Leasa Sh\u00f3isialaigh, ach na gn\u00e1thrialacha leasa sh\u00f3isialaigh a bheith i bhfeidhm.<\/p>\n<p>Crit\u00e9ir Inch\u00e1ilithe d\u00f3ibhsean a bhfuil post \u00e1 lorg acu.<\/p>\n<p>T\u00e1 t\u00fa i dteideal freastal ar ch\u00farsa Skillnets;<\/p>\n<ol type=\"1\">\n<li>M\u00e1 t\u00e1 t\u00fa cl\u00e1raithe leis an Roinn Cosanta S\u00f3isiala\u00ed<\/li>\n<\/ol>\n<ol start=\"2\" type=\"1\">\n<li>M\u00e1 t\u00e1 an Li\u00fantas n\u00f3 an Sochar d\u00f3ibhsean a bhfuil post \u00e1 lorg acu, \u00e1 fh\u00e1il agat.<\/li>\n<\/ol>\n<p>Baineann na coinn\u00edollacha anseo thuas le daoine at\u00e1 fostaithe go l\u00e1naimseartha, agus leosan at\u00e1 ag obair go s\u00e9as\u00farach\/p\u00e1irtaimseartha\/a bhfuil breacfhosata\u00edocht acu\/a bhfuil a n-uaireanta oibre gearrtha siar.<\/p>\n<p>T\u00e1 \u00fain\u00e9ir\u00ed ghn\u00f3lachta\u00ed beaga n\u00f3 iarthr\u00e1d\u00e1laithe aonair i dteideal freastal ar na cl\u00e1ir oili\u00fana seo ach an Roinn Cosanta S\u00f3isiala\u00ed a bheith curtha ar an eolas go hoifigi\u00fail f\u00e9n ngn\u00f3 a bheith ar ceal.<\/p>\n<p>Tuilleadh mionsonra\u00ed ar na crit\u00e9ir inch\u00e1ilithe seo:<\/p>\n<ul>\n<li>T\u00e1 faomhadh na Roinne Cosanta S\u00f3isiala\u00ed fachta ag cl\u00e1ir oili\u00fana Skillnets.\u00a0 N\u00ed g\u00e1 mar sin d\u00f3ibhsean at\u00e1 ag dul i mbun oili\u00fana cead freastail a fh\u00e1il roimhr\u00e9 \u00f3n Oifig Leasa Sh\u00f3isialaigh \u00e1iti\u00fail.<\/li>\n<\/ul>\n<ul>\n<li>M\u00e1 tharla\u00edonn go gcaithfidh an rannph\u00e1irt\u00ed a bheith ag s\u00edni\u00fa ar l\u00e1 oili\u00fana, f\u00e9 f\u00e9in at\u00e1 s\u00e9 fios a chur ar an Oifig Leasa Sh\u00f3isialaigh agus malairt d\u00e1ta a shocr\u00fa san oifig sara dtosna\u00edonn an oili\u00faint.<\/li>\n<\/ul>\n<ul>\n<li>Ba ch\u00f3ir go mbeadh a fhios ag lucht oili\u00fana go bhf\u00e9adfadh bainisteoir\u00ed eolas a lorg f\u00e9 thaith\u00ed oibre, c\u00falra oibre, oideachas agus mianta oibre an t\u00e9 at\u00e1 f\u00e9 oili\u00fant.\u00a0 Tharl\u00f3dh seo chun go gcinnteofa\u00ed go bhfuil siad ag freastal ar an gc\u00farsa cu\u00ed.<\/li>\n<\/ul>\n<ul>\n<li>N\u00ed m\u00f3r do lucht oili\u00fana Pr\u00f3if\u00edl an Rannph\u00e1irt\u00ed agus Foirm Mheas\u00fanaithe a l\u00edonadh tar \u00e9is d\u00f3ibh freastal ar an gcl\u00e1r oili\u00fana.<\/li>\n<\/ul>\n<ul>\n<li>D\u2019fh\u00e9adfadh Skillnets n\u00f3\/agus gr\u00e9as\u00e1n eile a bheith i dteagmh\u00e1il le lucht oili\u00fana tar \u00e9is d\u00f3ibh freastal ar chl\u00e1r oili\u00fana ar mhaithe le meas\u00fan\u00fa n\u00f3 an dul chun cinn at\u00e1 d\u00e9anta ag fostaithe \u00f3 chuireadar an oil\u00eduint i gcr\u00edch, a mheas.<\/li>\n<\/ul>\n<ul>\n<li>N\u00ed haon chrit\u00e9ar inch\u00e1ilithe don oili\u00fant \u00e9 an m\u00e9id ama at\u00e1 caite ag an duine ag obair.<\/li>\n<\/ul>\n<ul>\n<li>Chomh maith leis na crit\u00e9ir seo thuas n\u00ed m\u00f3r do lucht oili\u00fana dul i dteagmh\u00e1il go d\u00edreach le South West Gn\u00f3 Skillnet.\u00a0 D\u2019fh\u00e9adadh go mbeadh crit\u00e9ir roghnaithe breise ag gr\u00e9as\u00e1n d\u00e1 leith\u00e9id.<\/li>\n<\/ul>\n<ul>\n<li>T\u00e1 athbhreithni\u00fa \u00e1 dh\u00e9anamh f\u00e9 l\u00e1thair ar na crit\u00e9ir seo.\u00a0 Cuirfear na crit\u00e9ir seo in i\u00fal ar an su\u00edomh idirl\u00edn chomh luath agus a bheidh siad ar f\u00e1il.<\/li>\n<\/ul>\n","protected":false},"excerpt":{"rendered":"<p>D\u00f3ibhsean at\u00e1 ag lorg poist Tabhair deis n\u00edos fearr duit f\u00e9in post a fh\u00e1il agus dein teagmh\u00e1lacha le tionscl\u00f3ir\u00ed tr\u00e9 oili\u00faint a chur ort f\u00e9in le &#8220;South West Gn\u00f3 Skillnet&#8221;. M\u00e1 t\u00e1 tusa d\u00edfhostaithe agus m\u00e1 chomhl\u00edonann t\u00fa na crit\u00e9ir\u00a0(http:\/\/www.skillnets.ie\/job-seekers\/eligibility-criteria)\u00a0\u00a0at\u00e1 leagtha s\u00edos don t\u00e9 at\u00e1 ag lorg poist is f\u00e9idir leat freastal ar r\u00e9imse m\u00f3r c\u00farsa\u00ed saor in aisce agus n\u00ed bheidh impleachta\u00ed ar bith aigesean dod \u00edoca\u00edochta\u00ed n\u00e1 dod shochair leasa sh\u00f3isialaigh.\u00a0 Tuilleadh eolais f\u00e9 crit\u00e9ir inch\u00e1ilithe agus maoini\u00fa. N\u00ed amh\u00e1in go mbeidh t\u00fa \u00e1balta ar theacht ar oili\u00faint a bhfuil baint dh\u00edreach aici le riachtanais\u00ed na tionscla\u00edochta, tr\u00e9 [&hellip;]<\/p>\n","protected":false},"author":1,"featured_media":0,"parent":0,"menu_order":0,"comment_status":"open","ping_status":"closed","template":"","meta":{"_et_pb_use_builder":"on","_et_pb_old_content":"<strong>Job Seekers<\/strong>\r\n\r\nIncrease your employability and make new contacts in industry by getting training with South West Gn\u00f3 Skillnet.\r\n\r\nIf you are unemployed and fulfil the Skillnets definition of a job-seeker you can attend a range of Skillnets courses at no cost.\u00a0The new eligibility criteria are accessible via the following link:\u00a0<a href=\"https:\/\/www.skillnetireland.ie\/about\/developing-your-skills\/developing-irelands-future-workforce\/#eligibility\" target=\"_blank\">https:\/\/www.skillnetireland.ie\/about\/developing-your-skills\/developing-irelands-future-workforce\/#eligibility<\/a> to find out more.\r\n\r\nBy training with a Skillnets network, not only will you be able to access training that is directly relevant to industry needs but there is an added advantage of networking opportunities with companies and employees in your chosen sector and\/or region.\r\n\r\n<strong>Important Information for JOB SEEKERS<\/strong>\r\n\r\n<span style=\"color: #ff0000;\"><strong>The network operates a \u201cFirst-Come, First-Served\u201d system for all course bookings.\u00a0\u00a0Therefore, website registration does not guarantee\u00a0a place on any of the courses advertised on this website.<\/strong><\/span>\r\n<h2>Job Seekers Support Programme (JSSP Fund)<\/h2>\r\nSouth West Gn\u00f3 SKILLNET has been awarded funding from Skillnets Ltd. for training courses through the Job-seekers Support Programme (JSSP).\r\n\r\nAll courses funded under the JSSP are free for job-seekers and will include a work placement.\r\n\r\nThe following rules apply to funding for job-seekers:\r\n<ul>\r\n\t<li>Unemployed participants will not be charged programme fees or any other costs associated with training participation<\/li>\r\n\t<li>Unemployed trainees cannot be paid any training-related allowance by a network, member company or referral agency eg. F\u00c1S or Local Employment Services<\/li>\r\n\t<li>Organisations referring unemployed clients to networks eg. Local Employment Services cannot contribute funding to any network<\/li>\r\n<\/ul>\r\nPlease note that Skillnets training programmes are part of a scheme agreed with the Department of Social Protection (DSP).`\r\n\r\n<p>[su_button url=\"https:\/\/www.southwestgnoskillnet.ie\/wp-content\/uploads\/2015\/03\/Job-Seeker-Application-Profile-Form.doc\" background=\"#0090d1\"]Download Job Seeker Application form[\/su_button]<\/p>\r\n\r\n\r\n&nbsp;\r\n<iframe width=\"560\" height=\"315\" src=\"https:\/\/www.youtube.com\/embed\/yvi9cFUreT8\" frameborder=\"0\" allowfullscreen><\/iframe>","_et_gb_content_width":"","footnotes":""},"class_list":["post-196","page","type-page","status-publish","hentry"],"yoast_head":"<!-- This site is optimized with the Yoast SEO plugin v27.2 - https:\/\/yoast.com\/product\/yoast-seo-wordpress\/ -->\n<title>D\u00edfhostaithe? - South West Gn\u00f3 Skillnet<\/title>\n<meta name=\"robots\" content=\"index, follow, max-snippet:-1, max-image-preview:large, max-video-preview:-1\" \/>\n<link rel=\"canonical\" href=\"https:\/\/www.southwestgnoskillnet.ie\/ga\/difhostaithe\/\" \/>\n<meta property=\"og:locale\" content=\"en_US\" \/>\n<meta property=\"og:type\" content=\"article\" \/>\n<meta property=\"og:title\" content=\"D\u00edfhostaithe? - South West Gn\u00f3 Skillnet\" \/>\n<meta property=\"og:description\" content=\"D\u00f3ibhsean at\u00e1 ag lorg poist Tabhair deis n\u00edos fearr duit f\u00e9in post a fh\u00e1il agus dein teagmh\u00e1lacha le tionscl\u00f3ir\u00ed tr\u00e9 oili\u00faint a chur ort f\u00e9in le &quot;South West Gn\u00f3 Skillnet&quot;. M\u00e1 t\u00e1 tusa d\u00edfhostaithe agus m\u00e1 chomhl\u00edonann t\u00fa na crit\u00e9ir\u00a0(http:\/\/www.skillnets.ie\/job-seekers\/eligibility-criteria)\u00a0\u00a0at\u00e1 leagtha s\u00edos don t\u00e9 at\u00e1 ag lorg poist is f\u00e9idir leat freastal ar r\u00e9imse m\u00f3r c\u00farsa\u00ed saor in aisce agus n\u00ed bheidh impleachta\u00ed ar bith aigesean dod \u00edoca\u00edochta\u00ed n\u00e1 dod shochair leasa sh\u00f3isialaigh.\u00a0 Tuilleadh eolais f\u00e9 crit\u00e9ir inch\u00e1ilithe agus maoini\u00fa. N\u00ed amh\u00e1in go mbeidh t\u00fa \u00e1balta ar theacht ar oili\u00faint a bhfuil baint dh\u00edreach aici le riachtanais\u00ed na tionscla\u00edochta, tr\u00e9 [&hellip;]\" \/>\n<meta property=\"og:url\" content=\"https:\/\/www.southwestgnoskillnet.ie\/ga\/difhostaithe\/\" \/>\n<meta property=\"og:site_name\" content=\"South West Gn\u00f3 Skillnet\" \/>\n<meta property=\"article:publisher\" content=\"https:\/\/www.facebook.com\/SwgSkillnet\" \/>\n<meta property=\"article:modified_time\" content=\"2024-05-23T14:46:38+00:00\" \/>\n<meta name=\"twitter:label1\" content=\"Est. reading time\" \/>\n\t<meta name=\"twitter:data1\" content=\"4 minutes\" \/>\n<script type=\"application\/ld+json\" class=\"yoast-schema-graph\">{\"@context\":\"https:\/\/schema.org\",\"@graph\":[{\"@type\":\"WebPage\",\"@id\":\"https:\/\/www.southwestgnoskillnet.ie\/ga\/difhostaithe\/\",\"url\":\"https:\/\/www.southwestgnoskillnet.ie\/ga\/difhostaithe\/\",\"name\":\"D\u00edfhostaithe? - South West Gn\u00f3 Skillnet\",\"isPartOf\":{\"@id\":\"https:\/\/www.southwestgnoskillnet.ie\/#website\"},\"datePublished\":\"2014-11-11T15:49:40+00:00\",\"dateModified\":\"2024-05-23T14:46:38+00:00\",\"breadcrumb\":{\"@id\":\"https:\/\/www.southwestgnoskillnet.ie\/ga\/difhostaithe\/#breadcrumb\"},\"inLanguage\":\"ga\",\"potentialAction\":[{\"@type\":\"ReadAction\",\"target\":[\"https:\/\/www.southwestgnoskillnet.ie\/ga\/difhostaithe\/\"]}]},{\"@type\":\"BreadcrumbList\",\"@id\":\"https:\/\/www.southwestgnoskillnet.ie\/ga\/difhostaithe\/#breadcrumb\",\"itemListElement\":[{\"@type\":\"ListItem\",\"position\":1,\"name\":\"Home\",\"item\":\"https:\/\/www.southwestgnoskillnet.ie\/ga\/\"},{\"@type\":\"ListItem\",\"position\":2,\"name\":\"D\u00edfhostaithe?\"}]},{\"@type\":\"WebSite\",\"@id\":\"https:\/\/www.southwestgnoskillnet.ie\/#website\",\"url\":\"https:\/\/www.southwestgnoskillnet.ie\/\",\"name\":\"South West Gn\u00f3 Skillnet\",\"description\":\"Learning &amp; development network providing Training Courses\",\"publisher\":{\"@id\":\"https:\/\/www.southwestgnoskillnet.ie\/#organization\"},\"potentialAction\":[{\"@type\":\"SearchAction\",\"target\":{\"@type\":\"EntryPoint\",\"urlTemplate\":\"https:\/\/www.southwestgnoskillnet.ie\/?s={search_term_string}\"},\"query-input\":{\"@type\":\"PropertyValueSpecification\",\"valueRequired\":true,\"valueName\":\"search_term_string\"}}],\"inLanguage\":\"ga\"},{\"@type\":\"Organization\",\"@id\":\"https:\/\/www.southwestgnoskillnet.ie\/#organization\",\"name\":\"South West Gn\u00f3 Skillnet\",\"url\":\"https:\/\/www.southwestgnoskillnet.ie\/\",\"logo\":{\"@type\":\"ImageObject\",\"inLanguage\":\"ga\",\"@id\":\"https:\/\/www.southwestgnoskillnet.ie\/#\/schema\/logo\/image\/\",\"url\":\"https:\/\/www.southwestgnoskillnet.ie\/wp-content\/uploads\/2014\/09\/south-west-gno-logo.png\",\"contentUrl\":\"https:\/\/www.southwestgnoskillnet.ie\/wp-content\/uploads\/2014\/09\/south-west-gno-logo.png\",\"width\":200,\"height\":109,\"caption\":\"South West Gn\u00f3 Skillnet\"},\"image\":{\"@id\":\"https:\/\/www.southwestgnoskillnet.ie\/#\/schema\/logo\/image\/\"},\"sameAs\":[\"https:\/\/www.facebook.com\/SwgSkillnet\",\"https:\/\/x.com\/SWGSKILLNET\"]}]}<\/script>\n<!-- \/ Yoast SEO plugin. -->","yoast_head_json":{"title":"D\u00edfhostaithe? - South West Gn\u00f3 Skillnet","robots":{"index":"index","follow":"follow","max-snippet":"max-snippet:-1","max-image-preview":"max-image-preview:large","max-video-preview":"max-video-preview:-1"},"canonical":"https:\/\/www.southwestgnoskillnet.ie\/ga\/difhostaithe\/","og_locale":"en_US","og_type":"article","og_title":"D\u00edfhostaithe? - South West Gn\u00f3 Skillnet","og_description":"D\u00f3ibhsean at\u00e1 ag lorg poist Tabhair deis n\u00edos fearr duit f\u00e9in post a fh\u00e1il agus dein teagmh\u00e1lacha le tionscl\u00f3ir\u00ed tr\u00e9 oili\u00faint a chur ort f\u00e9in le \"South West Gn\u00f3 Skillnet\". M\u00e1 t\u00e1 tusa d\u00edfhostaithe agus m\u00e1 chomhl\u00edonann t\u00fa na crit\u00e9ir\u00a0(http:\/\/www.skillnets.ie\/job-seekers\/eligibility-criteria)\u00a0\u00a0at\u00e1 leagtha s\u00edos don t\u00e9 at\u00e1 ag lorg poist is f\u00e9idir leat freastal ar r\u00e9imse m\u00f3r c\u00farsa\u00ed saor in aisce agus n\u00ed bheidh impleachta\u00ed ar bith aigesean dod \u00edoca\u00edochta\u00ed n\u00e1 dod shochair leasa sh\u00f3isialaigh.\u00a0 Tuilleadh eolais f\u00e9 crit\u00e9ir inch\u00e1ilithe agus maoini\u00fa. N\u00ed amh\u00e1in go mbeidh t\u00fa \u00e1balta ar theacht ar oili\u00faint a bhfuil baint dh\u00edreach aici le riachtanais\u00ed na tionscla\u00edochta, tr\u00e9 [&hellip;]","og_url":"https:\/\/www.southwestgnoskillnet.ie\/ga\/difhostaithe\/","og_site_name":"South West Gn\u00f3 Skillnet","article_publisher":"https:\/\/www.facebook.com\/SwgSkillnet","article_modified_time":"2024-05-23T14:46:38+00:00","twitter_misc":{"Est. reading time":"4 minutes"},"schema":{"@context":"https:\/\/schema.org","@graph":[{"@type":"WebPage","@id":"https:\/\/www.southwestgnoskillnet.ie\/ga\/difhostaithe\/","url":"https:\/\/www.southwestgnoskillnet.ie\/ga\/difhostaithe\/","name":"D\u00edfhostaithe? - South West Gn\u00f3 Skillnet","isPartOf":{"@id":"https:\/\/www.southwestgnoskillnet.ie\/#website"},"datePublished":"2014-11-11T15:49:40+00:00","dateModified":"2024-05-23T14:46:38+00:00","breadcrumb":{"@id":"https:\/\/www.southwestgnoskillnet.ie\/ga\/difhostaithe\/#breadcrumb"},"inLanguage":"ga","potentialAction":[{"@type":"ReadAction","target":["https:\/\/www.southwestgnoskillnet.ie\/ga\/difhostaithe\/"]}]},{"@type":"BreadcrumbList","@id":"https:\/\/www.southwestgnoskillnet.ie\/ga\/difhostaithe\/#breadcrumb","itemListElement":[{"@type":"ListItem","position":1,"name":"Home","item":"https:\/\/www.southwestgnoskillnet.ie\/ga\/"},{"@type":"ListItem","position":2,"name":"D\u00edfhostaithe?"}]},{"@type":"WebSite","@id":"https:\/\/www.southwestgnoskillnet.ie\/#website","url":"https:\/\/www.southwestgnoskillnet.ie\/","name":"South West Gn\u00f3 Skillnet","description":"Learning &amp; development network providing Training Courses","publisher":{"@id":"https:\/\/www.southwestgnoskillnet.ie\/#organization"},"potentialAction":[{"@type":"SearchAction","target":{"@type":"EntryPoint","urlTemplate":"https:\/\/www.southwestgnoskillnet.ie\/?s={search_term_string}"},"query-input":{"@type":"PropertyValueSpecification","valueRequired":true,"valueName":"search_term_string"}}],"inLanguage":"ga"},{"@type":"Organization","@id":"https:\/\/www.southwestgnoskillnet.ie\/#organization","name":"South West Gn\u00f3 Skillnet","url":"https:\/\/www.southwestgnoskillnet.ie\/","logo":{"@type":"ImageObject","inLanguage":"ga","@id":"https:\/\/www.southwestgnoskillnet.ie\/#\/schema\/logo\/image\/","url":"https:\/\/www.southwestgnoskillnet.ie\/wp-content\/uploads\/2014\/09\/south-west-gno-logo.png","contentUrl":"https:\/\/www.southwestgnoskillnet.ie\/wp-content\/uploads\/2014\/09\/south-west-gno-logo.png","width":200,"height":109,"caption":"South West Gn\u00f3 Skillnet"},"image":{"@id":"https:\/\/www.southwestgnoskillnet.ie\/#\/schema\/logo\/image\/"},"sameAs":["https:\/\/www.facebook.com\/SwgSkillnet","https:\/\/x.com\/SWGSKILLNET"]}]}},"_links":{"self":[{"href":"https:\/\/www.southwestgnoskillnet.ie\/ga\/wp-json\/wp\/v2\/pages\/196","targetHints":{"allow":["GET"]}}],"collection":[{"href":"https:\/\/www.southwestgnoskillnet.ie\/ga\/wp-json\/wp\/v2\/pages"}],"about":[{"href":"https:\/\/www.southwestgnoskillnet.ie\/ga\/wp-json\/wp\/v2\/types\/page"}],"author":[{"embeddable":true,"href":"https:\/\/www.southwestgnoskillnet.ie\/ga\/wp-json\/wp\/v2\/users\/1"}],"replies":[{"embeddable":true,"href":"https:\/\/www.southwestgnoskillnet.ie\/ga\/wp-json\/wp\/v2\/comments?post=196"}],"version-history":[{"count":1,"href":"https:\/\/www.southwestgnoskillnet.ie\/ga\/wp-json\/wp\/v2\/pages\/196\/revisions"}],"predecessor-version":[{"id":197,"href":"https:\/\/www.southwestgnoskillnet.ie\/ga\/wp-json\/wp\/v2\/pages\/196\/revisions\/197"}],"wp:attachment":[{"href":"https:\/\/www.southwestgnoskillnet.ie\/ga\/wp-json\/wp\/v2\/media?parent=196"}],"curies":[{"name":"wp","href":"https:\/\/api.w.org\/{rel}","templated":true}]}}