{"id":201,"date":"2014-11-11T15:56:11","date_gmt":"2014-11-11T15:56:11","guid":{"rendered":"http:\/\/www.d1263267-24692.cp.blacknight.com\/southwestgno.com\/?page_id=201"},"modified":"2024-05-23T14:47:19","modified_gmt":"2024-05-23T14:47:19","slug":"201-2","status":"publish","type":"page","link":"https:\/\/www.southwestgnoskillnet.ie\/ga\/201-2\/","title":{"rendered":"Teagmh\u00e1il"},"content":{"rendered":"<h1>Sonra\u00ed Teagmh\u00e1la<\/h1>\n<p>M\u00e1 t\u00e1 fonn ort teagmh\u00e1\u00edl a dh\u00e9anamh linn, t\u00e1 na sonra\u00ed go l\u00e9ir th\u00edos..<\/p>\n<p>Is f\u00e9idir na sonra\u00ed go l\u00e9ir ballra\u00edochta a fh\u00e1\u00edl <a class=\"norm\" title=\"Comhlachta\u00ed\" href=\"\/ga\/comhlachtai\/\"><strong>anseo<\/strong><\/a>.<\/p>\n<p class=\"style8\"><strong>Seoladh Poist <\/strong><\/p>\n<p>South West Gn\u00f3 Skillnet<br \/>\nBaile an Fheirt\u00e9araigh,<br \/>\nTr\u00e1 L\u00ed,<br \/>\nCo. Chiarra\u00ed.<\/p>\n<p><strong>R\u00edomhpost: <a href=\"mailto:katie@southwestgno.com\">katie@southwestgno.com\u00a0 <\/a><br \/>\n<\/strong><\/p>\n<p><strong>F\u00f3n<\/strong>:\u00a0<a href=\"tel:+353872159431\">087 215 9431<\/a><br \/>\n<strong>Facs<\/strong>: (066) 9156348<\/p>\n<p><strong>Uaireanta Oifige<\/strong><br \/>\nLuan go hAoine : 09.00 go dt\u00ed17.00<br \/>\nD\u00fanta ar saoire poibl\u00ed<\/p>\n<p class=\"style8\"><strong>Seirbh\u00eds taobh amuigh d&#8217;uaireanta oibre<\/strong><br \/>\nDein Teagmh\u00e1il le<br \/>\nKatie Kerin : <a href=\"tel:+353872159431\">087 215 9431<\/a><\/p>\n","protected":false},"excerpt":{"rendered":"<p>Sonra\u00ed Teagmh\u00e1la M\u00e1 t\u00e1 fonn ort teagmh\u00e1\u00edl a dh\u00e9anamh linn, t\u00e1 na sonra\u00ed go l\u00e9ir th\u00edos.. Is f\u00e9idir na sonra\u00ed go l\u00e9ir ballra\u00edochta a fh\u00e1\u00edl anseo. Seoladh Poist South West Gn\u00f3 Skillnet Baile an Fheirt\u00e9araigh, Tr\u00e1 L\u00ed, Co. Chiarra\u00ed. R\u00edomhpost: katie@southwestgno.com\u00a0 F\u00f3n:\u00a0087 215 9431 Facs: (066) 9156348 Uaireanta Oifige Luan go hAoine : 09.00 go dt\u00ed17.00 D\u00fanta ar saoire poibl\u00ed Seirbh\u00eds taobh amuigh d&#8217;uaireanta oibre Dein Teagmh\u00e1il le Katie Kerin : 087 215 9431<\/p>\n","protected":false},"author":1,"featured_media":0,"parent":0,"menu_order":0,"comment_status":"open","ping_status":"closed","template":"","meta":{"_et_pb_use_builder":"on","_et_pb_old_content":"","_et_gb_content_width":"","footnotes":""},"class_list":["post-201","page","type-page","status-publish","hentry"],"yoast_head":"<!-- This site is optimized with the Yoast SEO plugin v27.2 - https:\/\/yoast.com\/product\/yoast-seo-wordpress\/ -->\n<title>Teagmh\u00e1il - South West Gn\u00f3 Skillnet<\/title>\n<meta name=\"robots\" content=\"index, follow, max-snippet:-1, max-image-preview:large, max-video-preview:-1\" \/>\n<link rel=\"canonical\" href=\"https:\/\/www.southwestgnoskillnet.ie\/ga\/201-2\/\" \/>\n<meta property=\"og:locale\" content=\"en_US\" \/>\n<meta property=\"og:type\" content=\"article\" \/>\n<meta property=\"og:title\" content=\"Teagmh\u00e1il - South West Gn\u00f3 Skillnet\" \/>\n<meta property=\"og:description\" content=\"Sonra\u00ed Teagmh\u00e1la M\u00e1 t\u00e1 fonn ort teagmh\u00e1\u00edl a dh\u00e9anamh linn, t\u00e1 na sonra\u00ed go l\u00e9ir th\u00edos.. Is f\u00e9idir na sonra\u00ed go l\u00e9ir ballra\u00edochta a fh\u00e1\u00edl anseo. Seoladh Poist South West Gn\u00f3 Skillnet Baile an Fheirt\u00e9araigh, Tr\u00e1 L\u00ed, Co. Chiarra\u00ed. R\u00edomhpost: katie@southwestgno.com\u00a0 F\u00f3n:\u00a0087 215 9431 Facs: (066) 9156348 Uaireanta Oifige Luan go hAoine : 09.00 go dt\u00ed17.00 D\u00fanta ar saoire poibl\u00ed Seirbh\u00eds taobh amuigh d&#039;uaireanta oibre Dein Teagmh\u00e1il le Katie Kerin : 087 215 9431\" \/>\n<meta property=\"og:url\" content=\"https:\/\/www.southwestgnoskillnet.ie\/ga\/201-2\/\" \/>\n<meta property=\"og:site_name\" content=\"South West Gn\u00f3 Skillnet\" \/>\n<meta property=\"article:publisher\" content=\"https:\/\/www.facebook.com\/SwgSkillnet\" \/>\n<meta property=\"article:modified_time\" content=\"2024-05-23T14:47:19+00:00\" \/>\n<script type=\"application\/ld+json\" class=\"yoast-schema-graph\">{\"@context\":\"https:\/\/schema.org\",\"@graph\":[{\"@type\":\"WebPage\",\"@id\":\"https:\/\/www.southwestgnoskillnet.ie\/ga\/201-2\/\",\"url\":\"https:\/\/www.southwestgnoskillnet.ie\/ga\/201-2\/\",\"name\":\"Teagmh\u00e1il - South West Gn\u00f3 Skillnet\",\"isPartOf\":{\"@id\":\"https:\/\/www.southwestgnoskillnet.ie\/#website\"},\"datePublished\":\"2014-11-11T15:56:11+00:00\",\"dateModified\":\"2024-05-23T14:47:19+00:00\",\"breadcrumb\":{\"@id\":\"https:\/\/www.southwestgnoskillnet.ie\/ga\/201-2\/#breadcrumb\"},\"inLanguage\":\"ga\",\"potentialAction\":[{\"@type\":\"ReadAction\",\"target\":[\"https:\/\/www.southwestgnoskillnet.ie\/ga\/201-2\/\"]}]},{\"@type\":\"BreadcrumbList\",\"@id\":\"https:\/\/www.southwestgnoskillnet.ie\/ga\/201-2\/#breadcrumb\",\"itemListElement\":[{\"@type\":\"ListItem\",\"position\":1,\"name\":\"Home\",\"item\":\"https:\/\/www.southwestgnoskillnet.ie\/ga\/\"},{\"@type\":\"ListItem\",\"position\":2,\"name\":\"Teagmh\u00e1il\"}]},{\"@type\":\"WebSite\",\"@id\":\"https:\/\/www.southwestgnoskillnet.ie\/#website\",\"url\":\"https:\/\/www.southwestgnoskillnet.ie\/\",\"name\":\"South West Gn\u00f3 Skillnet\",\"description\":\"Learning &amp; development network providing Training Courses\",\"publisher\":{\"@id\":\"https:\/\/www.southwestgnoskillnet.ie\/#organization\"},\"potentialAction\":[{\"@type\":\"SearchAction\",\"target\":{\"@type\":\"EntryPoint\",\"urlTemplate\":\"https:\/\/www.southwestgnoskillnet.ie\/?s={search_term_string}\"},\"query-input\":{\"@type\":\"PropertyValueSpecification\",\"valueRequired\":true,\"valueName\":\"search_term_string\"}}],\"inLanguage\":\"ga\"},{\"@type\":\"Organization\",\"@id\":\"https:\/\/www.southwestgnoskillnet.ie\/#organization\",\"name\":\"South West Gn\u00f3 Skillnet\",\"url\":\"https:\/\/www.southwestgnoskillnet.ie\/\",\"logo\":{\"@type\":\"ImageObject\",\"inLanguage\":\"ga\",\"@id\":\"https:\/\/www.southwestgnoskillnet.ie\/#\/schema\/logo\/image\/\",\"url\":\"https:\/\/www.southwestgnoskillnet.ie\/wp-content\/uploads\/2014\/09\/south-west-gno-logo.png\",\"contentUrl\":\"https:\/\/www.southwestgnoskillnet.ie\/wp-content\/uploads\/2014\/09\/south-west-gno-logo.png\",\"width\":200,\"height\":109,\"caption\":\"South West Gn\u00f3 Skillnet\"},\"image\":{\"@id\":\"https:\/\/www.southwestgnoskillnet.ie\/#\/schema\/logo\/image\/\"},\"sameAs\":[\"https:\/\/www.facebook.com\/SwgSkillnet\",\"https:\/\/x.com\/SWGSKILLNET\"]}]}<\/script>\n<!-- \/ Yoast SEO plugin. -->","yoast_head_json":{"title":"Teagmh\u00e1il - South West Gn\u00f3 Skillnet","robots":{"index":"index","follow":"follow","max-snippet":"max-snippet:-1","max-image-preview":"max-image-preview:large","max-video-preview":"max-video-preview:-1"},"canonical":"https:\/\/www.southwestgnoskillnet.ie\/ga\/201-2\/","og_locale":"en_US","og_type":"article","og_title":"Teagmh\u00e1il - South West Gn\u00f3 Skillnet","og_description":"Sonra\u00ed Teagmh\u00e1la M\u00e1 t\u00e1 fonn ort teagmh\u00e1\u00edl a dh\u00e9anamh linn, t\u00e1 na sonra\u00ed go l\u00e9ir th\u00edos.. Is f\u00e9idir na sonra\u00ed go l\u00e9ir ballra\u00edochta a fh\u00e1\u00edl anseo. Seoladh Poist South West Gn\u00f3 Skillnet Baile an Fheirt\u00e9araigh, Tr\u00e1 L\u00ed, Co. Chiarra\u00ed. R\u00edomhpost: katie@southwestgno.com\u00a0 F\u00f3n:\u00a0087 215 9431 Facs: (066) 9156348 Uaireanta Oifige Luan go hAoine : 09.00 go dt\u00ed17.00 D\u00fanta ar saoire poibl\u00ed Seirbh\u00eds taobh amuigh d'uaireanta oibre Dein Teagmh\u00e1il le Katie Kerin : 087 215 9431","og_url":"https:\/\/www.southwestgnoskillnet.ie\/ga\/201-2\/","og_site_name":"South West Gn\u00f3 Skillnet","article_publisher":"https:\/\/www.facebook.com\/SwgSkillnet","article_modified_time":"2024-05-23T14:47:19+00:00","schema":{"@context":"https:\/\/schema.org","@graph":[{"@type":"WebPage","@id":"https:\/\/www.southwestgnoskillnet.ie\/ga\/201-2\/","url":"https:\/\/www.southwestgnoskillnet.ie\/ga\/201-2\/","name":"Teagmh\u00e1il - South West Gn\u00f3 Skillnet","isPartOf":{"@id":"https:\/\/www.southwestgnoskillnet.ie\/#website"},"datePublished":"2014-11-11T15:56:11+00:00","dateModified":"2024-05-23T14:47:19+00:00","breadcrumb":{"@id":"https:\/\/www.southwestgnoskillnet.ie\/ga\/201-2\/#breadcrumb"},"inLanguage":"ga","potentialAction":[{"@type":"ReadAction","target":["https:\/\/www.southwestgnoskillnet.ie\/ga\/201-2\/"]}]},{"@type":"BreadcrumbList","@id":"https:\/\/www.southwestgnoskillnet.ie\/ga\/201-2\/#breadcrumb","itemListElement":[{"@type":"ListItem","position":1,"name":"Home","item":"https:\/\/www.southwestgnoskillnet.ie\/ga\/"},{"@type":"ListItem","position":2,"name":"Teagmh\u00e1il"}]},{"@type":"WebSite","@id":"https:\/\/www.southwestgnoskillnet.ie\/#website","url":"https:\/\/www.southwestgnoskillnet.ie\/","name":"South West Gn\u00f3 Skillnet","description":"Learning &amp; development network providing Training Courses","publisher":{"@id":"https:\/\/www.southwestgnoskillnet.ie\/#organization"},"potentialAction":[{"@type":"SearchAction","target":{"@type":"EntryPoint","urlTemplate":"https:\/\/www.southwestgnoskillnet.ie\/?s={search_term_string}"},"query-input":{"@type":"PropertyValueSpecification","valueRequired":true,"valueName":"search_term_string"}}],"inLanguage":"ga"},{"@type":"Organization","@id":"https:\/\/www.southwestgnoskillnet.ie\/#organization","name":"South West Gn\u00f3 Skillnet","url":"https:\/\/www.southwestgnoskillnet.ie\/","logo":{"@type":"ImageObject","inLanguage":"ga","@id":"https:\/\/www.southwestgnoskillnet.ie\/#\/schema\/logo\/image\/","url":"https:\/\/www.southwestgnoskillnet.ie\/wp-content\/uploads\/2014\/09\/south-west-gno-logo.png","contentUrl":"https:\/\/www.southwestgnoskillnet.ie\/wp-content\/uploads\/2014\/09\/south-west-gno-logo.png","width":200,"height":109,"caption":"South West Gn\u00f3 Skillnet"},"image":{"@id":"https:\/\/www.southwestgnoskillnet.ie\/#\/schema\/logo\/image\/"},"sameAs":["https:\/\/www.facebook.com\/SwgSkillnet","https:\/\/x.com\/SWGSKILLNET"]}]}},"_links":{"self":[{"href":"https:\/\/www.southwestgnoskillnet.ie\/ga\/wp-json\/wp\/v2\/pages\/201","targetHints":{"allow":["GET"]}}],"collection":[{"href":"https:\/\/www.southwestgnoskillnet.ie\/ga\/wp-json\/wp\/v2\/pages"}],"about":[{"href":"https:\/\/www.southwestgnoskillnet.ie\/ga\/wp-json\/wp\/v2\/types\/page"}],"author":[{"embeddable":true,"href":"https:\/\/www.southwestgnoskillnet.ie\/ga\/wp-json\/wp\/v2\/users\/1"}],"replies":[{"embeddable":true,"href":"https:\/\/www.southwestgnoskillnet.ie\/ga\/wp-json\/wp\/v2\/comments?post=201"}],"version-history":[{"count":4,"href":"https:\/\/www.southwestgnoskillnet.ie\/ga\/wp-json\/wp\/v2\/pages\/201\/revisions"}],"predecessor-version":[{"id":958,"href":"https:\/\/www.southwestgnoskillnet.ie\/ga\/wp-json\/wp\/v2\/pages\/201\/revisions\/958"}],"wp:attachment":[{"href":"https:\/\/www.southwestgnoskillnet.ie\/ga\/wp-json\/wp\/v2\/media?parent=201"}],"curies":[{"name":"wp","href":"https:\/\/api.w.org\/{rel}","templated":true}]}}