{"id":231,"date":"2014-11-23T12:39:53","date_gmt":"2014-11-23T12:39:53","guid":{"rendered":"http:\/\/www.d1263267-24692.cp.blacknight.com\/southwestgno.com\/?page_id=231"},"modified":"2024-05-23T14:46:29","modified_gmt":"2024-05-23T14:46:29","slug":"cursai-oiliuna","status":"publish","type":"page","link":"https:\/\/www.southwestgnoskillnet.ie\/ga\/cursai-oiliuna\/","title":{"rendered":"C\u00farsa\u00ed Oili\u00fana"},"content":{"rendered":"[et_pb_section][et_pb_row][et_pb_column type=&#8221;4_4&#8243;][et_pb_text]CONTENTS[\/et_pb_text][\/et_pb_column][\/et_pb_row][\/et_pb_section]\n","protected":false},"excerpt":{"rendered":"<p><div class=\"et_pb_section et_pb_section_0 et_section_regular\" >\n\t\t\t\t\n\t\t\t\t\n\t\t\t\t\n\t\t\t\t\n\t\t\t\t\n\t\t\t\t\n\t\t\t\t\n\t\t\t\t\n\t\t\t\t\n\t\t\t<\/div><div class=\"et_pb_row et_pb_row_0 et_pb_row_empty\">\n\t\t\t\t\n\t\t\t\t\n\t\t\t\t\n\t\t\t\t\n\t\t\t\t\n\t\t\t<\/div><div class=\"et_pb_module et_pb_text et_pb_text_0  et_pb_text_align_left et_pb_bg_layout_light\">\n\t\t\t\t\n\t\t\t\t\n\t\t\t\t\n\t\t\t\t\n\t\t\t\t\n\t\t\t<\/div>CONTENTS<\/p>\n","protected":false},"author":1,"featured_media":0,"parent":0,"menu_order":0,"comment_status":"open","ping_status":"closed","template":"","meta":{"_et_pb_use_builder":"on","_et_pb_old_content":"CONTENTS\r\n\r\n","_et_gb_content_width":"","footnotes":""},"class_list":["post-231","page","type-page","status-publish","hentry"],"yoast_head":"<!-- This site is optimized with the Yoast SEO plugin v27.2 - https:\/\/yoast.com\/product\/yoast-seo-wordpress\/ -->\n<title>C\u00farsa\u00ed Oili\u00fana - South West Gn\u00f3 Skillnet<\/title>\n<meta name=\"robots\" content=\"index, follow, max-snippet:-1, max-image-preview:large, max-video-preview:-1\" \/>\n<link rel=\"canonical\" href=\"https:\/\/www.southwestgnoskillnet.ie\/ga\/cursai-oiliuna\/\" \/>\n<meta property=\"og:locale\" content=\"en_US\" \/>\n<meta property=\"og:type\" content=\"article\" \/>\n<meta property=\"og:title\" content=\"C\u00farsa\u00ed Oili\u00fana - South West Gn\u00f3 Skillnet\" \/>\n<meta property=\"og:description\" content=\"CONTENTS\" \/>\n<meta property=\"og:url\" content=\"https:\/\/www.southwestgnoskillnet.ie\/ga\/cursai-oiliuna\/\" \/>\n<meta property=\"og:site_name\" content=\"South West Gn\u00f3 Skillnet\" \/>\n<meta property=\"article:publisher\" content=\"https:\/\/www.facebook.com\/SwgSkillnet\" \/>\n<meta property=\"article:modified_time\" content=\"2024-05-23T14:46:29+00:00\" \/>\n<script type=\"application\/ld+json\" class=\"yoast-schema-graph\">{\"@context\":\"https:\/\/schema.org\",\"@graph\":[{\"@type\":\"WebPage\",\"@id\":\"https:\/\/www.southwestgnoskillnet.ie\/ga\/cursai-oiliuna\/\",\"url\":\"https:\/\/www.southwestgnoskillnet.ie\/ga\/cursai-oiliuna\/\",\"name\":\"C\u00farsa\u00ed Oili\u00fana - South West Gn\u00f3 Skillnet\",\"isPartOf\":{\"@id\":\"https:\/\/www.southwestgnoskillnet.ie\/#website\"},\"datePublished\":\"2014-11-23T12:39:53+00:00\",\"dateModified\":\"2024-05-23T14:46:29+00:00\",\"breadcrumb\":{\"@id\":\"https:\/\/www.southwestgnoskillnet.ie\/ga\/cursai-oiliuna\/#breadcrumb\"},\"inLanguage\":\"ga\",\"potentialAction\":[{\"@type\":\"ReadAction\",\"target\":[\"https:\/\/www.southwestgnoskillnet.ie\/ga\/cursai-oiliuna\/\"]}]},{\"@type\":\"BreadcrumbList\",\"@id\":\"https:\/\/www.southwestgnoskillnet.ie\/ga\/cursai-oiliuna\/#breadcrumb\",\"itemListElement\":[{\"@type\":\"ListItem\",\"position\":1,\"name\":\"Home\",\"item\":\"https:\/\/www.southwestgnoskillnet.ie\/ga\/\"},{\"@type\":\"ListItem\",\"position\":2,\"name\":\"C\u00farsa\u00ed Oili\u00fana\"}]},{\"@type\":\"WebSite\",\"@id\":\"https:\/\/www.southwestgnoskillnet.ie\/#website\",\"url\":\"https:\/\/www.southwestgnoskillnet.ie\/\",\"name\":\"South West Gn\u00f3 Skillnet\",\"description\":\"Learning &amp; development network providing Training Courses\",\"publisher\":{\"@id\":\"https:\/\/www.southwestgnoskillnet.ie\/#organization\"},\"potentialAction\":[{\"@type\":\"SearchAction\",\"target\":{\"@type\":\"EntryPoint\",\"urlTemplate\":\"https:\/\/www.southwestgnoskillnet.ie\/?s={search_term_string}\"},\"query-input\":{\"@type\":\"PropertyValueSpecification\",\"valueRequired\":true,\"valueName\":\"search_term_string\"}}],\"inLanguage\":\"ga\"},{\"@type\":\"Organization\",\"@id\":\"https:\/\/www.southwestgnoskillnet.ie\/#organization\",\"name\":\"South West Gn\u00f3 Skillnet\",\"url\":\"https:\/\/www.southwestgnoskillnet.ie\/\",\"logo\":{\"@type\":\"ImageObject\",\"inLanguage\":\"ga\",\"@id\":\"https:\/\/www.southwestgnoskillnet.ie\/#\/schema\/logo\/image\/\",\"url\":\"https:\/\/www.southwestgnoskillnet.ie\/wp-content\/uploads\/2014\/09\/south-west-gno-logo.png\",\"contentUrl\":\"https:\/\/www.southwestgnoskillnet.ie\/wp-content\/uploads\/2014\/09\/south-west-gno-logo.png\",\"width\":200,\"height\":109,\"caption\":\"South West Gn\u00f3 Skillnet\"},\"image\":{\"@id\":\"https:\/\/www.southwestgnoskillnet.ie\/#\/schema\/logo\/image\/\"},\"sameAs\":[\"https:\/\/www.facebook.com\/SwgSkillnet\",\"https:\/\/x.com\/SWGSKILLNET\"]}]}<\/script>\n<!-- \/ Yoast SEO plugin. -->","yoast_head_json":{"title":"C\u00farsa\u00ed Oili\u00fana - South West Gn\u00f3 Skillnet","robots":{"index":"index","follow":"follow","max-snippet":"max-snippet:-1","max-image-preview":"max-image-preview:large","max-video-preview":"max-video-preview:-1"},"canonical":"https:\/\/www.southwestgnoskillnet.ie\/ga\/cursai-oiliuna\/","og_locale":"en_US","og_type":"article","og_title":"C\u00farsa\u00ed Oili\u00fana - South West Gn\u00f3 Skillnet","og_description":"CONTENTS","og_url":"https:\/\/www.southwestgnoskillnet.ie\/ga\/cursai-oiliuna\/","og_site_name":"South West Gn\u00f3 Skillnet","article_publisher":"https:\/\/www.facebook.com\/SwgSkillnet","article_modified_time":"2024-05-23T14:46:29+00:00","schema":{"@context":"https:\/\/schema.org","@graph":[{"@type":"WebPage","@id":"https:\/\/www.southwestgnoskillnet.ie\/ga\/cursai-oiliuna\/","url":"https:\/\/www.southwestgnoskillnet.ie\/ga\/cursai-oiliuna\/","name":"C\u00farsa\u00ed Oili\u00fana - South West Gn\u00f3 Skillnet","isPartOf":{"@id":"https:\/\/www.southwestgnoskillnet.ie\/#website"},"datePublished":"2014-11-23T12:39:53+00:00","dateModified":"2024-05-23T14:46:29+00:00","breadcrumb":{"@id":"https:\/\/www.southwestgnoskillnet.ie\/ga\/cursai-oiliuna\/#breadcrumb"},"inLanguage":"ga","potentialAction":[{"@type":"ReadAction","target":["https:\/\/www.southwestgnoskillnet.ie\/ga\/cursai-oiliuna\/"]}]},{"@type":"BreadcrumbList","@id":"https:\/\/www.southwestgnoskillnet.ie\/ga\/cursai-oiliuna\/#breadcrumb","itemListElement":[{"@type":"ListItem","position":1,"name":"Home","item":"https:\/\/www.southwestgnoskillnet.ie\/ga\/"},{"@type":"ListItem","position":2,"name":"C\u00farsa\u00ed Oili\u00fana"}]},{"@type":"WebSite","@id":"https:\/\/www.southwestgnoskillnet.ie\/#website","url":"https:\/\/www.southwestgnoskillnet.ie\/","name":"South West Gn\u00f3 Skillnet","description":"Learning &amp; development network providing Training Courses","publisher":{"@id":"https:\/\/www.southwestgnoskillnet.ie\/#organization"},"potentialAction":[{"@type":"SearchAction","target":{"@type":"EntryPoint","urlTemplate":"https:\/\/www.southwestgnoskillnet.ie\/?s={search_term_string}"},"query-input":{"@type":"PropertyValueSpecification","valueRequired":true,"valueName":"search_term_string"}}],"inLanguage":"ga"},{"@type":"Organization","@id":"https:\/\/www.southwestgnoskillnet.ie\/#organization","name":"South West Gn\u00f3 Skillnet","url":"https:\/\/www.southwestgnoskillnet.ie\/","logo":{"@type":"ImageObject","inLanguage":"ga","@id":"https:\/\/www.southwestgnoskillnet.ie\/#\/schema\/logo\/image\/","url":"https:\/\/www.southwestgnoskillnet.ie\/wp-content\/uploads\/2014\/09\/south-west-gno-logo.png","contentUrl":"https:\/\/www.southwestgnoskillnet.ie\/wp-content\/uploads\/2014\/09\/south-west-gno-logo.png","width":200,"height":109,"caption":"South West Gn\u00f3 Skillnet"},"image":{"@id":"https:\/\/www.southwestgnoskillnet.ie\/#\/schema\/logo\/image\/"},"sameAs":["https:\/\/www.facebook.com\/SwgSkillnet","https:\/\/x.com\/SWGSKILLNET"]}]}},"_links":{"self":[{"href":"https:\/\/www.southwestgnoskillnet.ie\/ga\/wp-json\/wp\/v2\/pages\/231","targetHints":{"allow":["GET"]}}],"collection":[{"href":"https:\/\/www.southwestgnoskillnet.ie\/ga\/wp-json\/wp\/v2\/pages"}],"about":[{"href":"https:\/\/www.southwestgnoskillnet.ie\/ga\/wp-json\/wp\/v2\/types\/page"}],"author":[{"embeddable":true,"href":"https:\/\/www.southwestgnoskillnet.ie\/ga\/wp-json\/wp\/v2\/users\/1"}],"replies":[{"embeddable":true,"href":"https:\/\/www.southwestgnoskillnet.ie\/ga\/wp-json\/wp\/v2\/comments?post=231"}],"version-history":[{"count":3,"href":"https:\/\/www.southwestgnoskillnet.ie\/ga\/wp-json\/wp\/v2\/pages\/231\/revisions"}],"predecessor-version":[{"id":2414,"href":"https:\/\/www.southwestgnoskillnet.ie\/ga\/wp-json\/wp\/v2\/pages\/231\/revisions\/2414"}],"wp:attachment":[{"href":"https:\/\/www.southwestgnoskillnet.ie\/ga\/wp-json\/wp\/v2\/media?parent=231"}],"curies":[{"name":"wp","href":"https:\/\/api.w.org\/{rel}","templated":true}]}}